{"id":5538,"date":"2023-10-28T22:45:39","date_gmt":"2023-10-28T20:45:39","guid":{"rendered":"https:\/\/armaydesarma.com\/mx-es\/sanmigueldeallende\/?page_id=5538"},"modified":"2024-05-18T07:36:05","modified_gmt":"2024-05-18T05:36:05","slug":"gestoria-en-san-miguel-de-allende","status":"publish","type":"page","link":"https:\/\/armaydesarma.com\/mx-es\/sanmigueldeallende\/servicios\/gestoria-en-san-miguel-de-allende\/","title":{"rendered":"Gestoria en San miguel de allende"},"content":{"rendered":"<div class=\"wpb-content-wrapper\"><p>[vc_row conditional_render=\u00bb%5B%7B%22value_role%22%3A%22administrator%22%7D%5D\u00bb][vc_column][vc_single_image image=\u00bb5707&#8243; img_size=\u00bb1280&#215;200&#8243;][\/vc_column][\/vc_row][vc_row css=\u00bb.vc_custom_1693697121859{padding-top: 10px !important;padding-bottom: 70px !important;}\u00bb conditional_render=\u00bb%5B%7B%22value_role%22%3A%22administrator%22%7D%5D\u00bb][vc_column css_animation=\u00bbfadeInLeft\u00bb conditional_render=\u00bb%5B%7B%22value_role%22%3A%22administrator%22%7D%5D\u00bb][vc_row_inner][vc_column_inner width=\u00bb6\/12&#8243;][vc_column_text css_animation=\u00bbnone\u00bb]<\/p>\n<h1><span style=\"color: #1a1a1a;\">\u00a1Lib\u00e9rate de la Burocracia! Somos tu soluci\u00f3n en tr\u00e1mites.<\/span><\/h1>\n<p><span style=\"color: #f6871f;\"><strong>ARMA Y DESARMA\u00ae<\/strong> Tu mejor opci\u00f3n en San Miguel de Allende para Gestor\u00eda de Tr\u00e1mites.<\/span><\/p>\n<p><span style=\"color: #1a1a1a;\">En <strong>ARMA Y DESARMA\u00ae<\/strong>, entendemos que el tiempo es un recurso valioso, y sabemos lo complicado que puede resultar la gesti\u00f3n de tr\u00e1mites en el entorno din\u00e1mico de San Miguel de Allende. Por esta raz\u00f3n, hemos establecido nuestro compromiso de <strong>ser tu socio de confianza<\/strong> en la <strong>gestor\u00eda de tr\u00e1mites<\/strong>, <strong>legales y administrativas.<\/strong><\/span><\/p>\n<p><span style=\"color: #1a1a1a;\">Nuestro equipo de profesionales altamente capacitados se dedica a simplificar cada proceso burocr\u00e1tico, brind\u00e1ndote la tranquilidad que necesitas en un entorno donde la eficiencia y la precisi\u00f3n son esenciales. Ya sea que requieras asistencia en la obtenci\u00f3n de permisos, registros, licencias o cualquier otro tr\u00e1mite, <strong>ARMA Y DESARMA\u00ae<\/strong> est\u00e1 aqu\u00ed para allanar el camino y agilizar tus operaciones.<\/span><\/p>\n<p><span style=\"color: #1a1a1a;\">Ventajas clave para elegir <strong>ARMA Y DESARMA\u00ae<\/strong> en San Miguel de Allende:<\/span><\/p>\n<ul>\n<li><span style=\"color: #1a1a1a;\"><strong>Conocimiento Experto:<\/strong> Nuestros asesores poseen un profundo conocimiento de los requisitos locales y nacionales, lo que asegura que su tr\u00e1mite se realizar\u00e1 de manera adecuada y sin contratiempos.<\/span><\/li>\n<li><span style=\"color: #1a1a1a;\"><strong>Eficiencia Garantizada<\/strong>: Eliminamos la frustraci\u00f3n de los largos procesos de tr\u00e1mites. En <strong>ARMA Y DESARMA\u00ae<\/strong>, te garantizamos rapidez y eficiencia, permiti\u00e9ndote centrarte en lo que m\u00e1s importa: tu negocio o tu vida.<\/span><\/li>\n<li><span style=\"color: #1a1a1a;\"><strong>Atenci\u00f3n Personalizada:<\/strong> Cada cliente es \u00fanico, y en <strong>ARMA Y DESARMA\u00ae<\/strong>, lo tratamos de esa manera. Adaptamos nuestros servicios a tus necesidades espec\u00edficas y te brindamos una atenci\u00f3n personalizada en todo momento.<\/span><\/li>\n<li><span style=\"color: #1a1a1a;\"><strong>Transparencia y Confidencialidad:<\/strong> Mantenemos altos est\u00e1ndares de \u00e9tica y confidencialidad en todos los aspectos de nuestra gesti\u00f3n, asegurando la total tranquilidad de nuestros clientes.<\/span><\/li>\n<li><span style=\"color: #1a1a1a;\"><strong>Resultados Comprobados:<\/strong> Nuestra larga trayectoria de \u00e9xito y una lista de clientes satisfechos son el testimonio de nuestra capacidad para entregar resultados efectivos.<\/span><\/li>\n<\/ul>\n<p><span style=\"color: #1a1a1a;\">En <strong>ARMA Y DESARMA\u00ae<\/strong>, creemos que la gesti\u00f3n de tr\u00e1mites no deber\u00eda ser una carga, sino una oportunidad para simplificar y mejorar tu experiencia en San Miguel de Allende. <strong>Perm\u00edtenos ser tu socio de confianza en esta traves\u00eda, y juntos haremos que los desaf\u00edos burocr\u00e1ticos se conviertan en un proceso sin complicaciones.<\/strong><\/span><\/p>\n<p><span style=\"color: #1a1a1a;\">Cont\u00e1ctanos hoy mismo y descubre c\u00f3mo <strong>ARMA Y DESARMA\u00ae<\/strong> puede simplificar tus tr\u00e1mites en San Miguel de Allende, permiti\u00e9ndote disfrutar de la belleza y la cultura de esta incre\u00edble ciudad sin preocupaciones innecesarias.<\/span><\/p>\n<p><span style=\"color: #f6871f;\"> \u00a1Te invitamos a experimentar la diferencia de trabajar con verdaderos profesionales!<\/span>[\/vc_column_text][\/vc_column_inner][vc_column_inner width=\u00bb2\/12&#8243;][\/vc_column_inner][vc_column_inner width=\u00bb4\/12&#8243; animation_type=\u00bbswing\u00bb][vc_column_text css_animation=\u00bbnone\u00bb css=\u00bb.vc_custom_1716010563599{padding-top: 50px !important;padding-right: 40px !important;padding-bottom: 50px !important;padding-left: 40px !important;background-color: #000000 !important;}\u00bb]<img loading=\"lazy\" decoding=\"async\" class=\"size-full wp-image-5681 aligncenter\" src=\"https:\/\/armaydesarma.com\/mx-es\/sanmigueldeallende\/wp-content\/uploads\/2024\/03\/mantenimiento-garantizados-Sanmigueldeallende.png\" alt=\"Gestores en San miguel de Allende Guanajuato\" width=\"66\" height=\"66\" \/><br \/>\n<span style=\"color: #fff;\"><strong>Garant\u00eda:\u00a0<\/strong> Trabajamos en tu tranquilidad, todos nuestros servicios est\u00e1n amparados por nuestra <a href=\"https:\/\/armaydesarma.com\/mx-es\/sanmigueldeallende\/servicios-garantizados\/\"><span style=\"color: #f6871f;\">Garant\u00eda 360\u00b0.<\/span><\/a><\/span><\/p>\n<p><span style=\"color: #fff;\"><strong>\u00bfQu\u00e9 incluye?:<\/strong><\/span><br \/>\n<span style=\"color: #fff;\"><br \/>\n<img loading=\"lazy\" decoding=\"async\" class=\"alignnone size-full wp-image-5379\" src=\"https:\/\/armaydesarma.com\/mx-es\/sanmigueldeallende\/wp-content\/uploads\/2023\/10\/servicio-de-manteniento-profesional.png\" alt=\"\" width=\"18\" height=\"18\" \/> Visita diagn\u00f3stica.<br \/>\n<img loading=\"lazy\" decoding=\"async\" class=\"alignnone size-full wp-image-5379\" src=\"https:\/\/armaydesarma.com\/mx-es\/sanmigueldeallende\/wp-content\/uploads\/2023\/10\/servicio-de-manteniento-profesional.png\" alt=\"\" width=\"18\" height=\"18\" \/> Presupuesto detallado.<br \/>\n<img loading=\"lazy\" decoding=\"async\" class=\"alignnone size-full wp-image-5379\" src=\"https:\/\/armaydesarma.com\/mx-es\/sanmigueldeallende\/wp-content\/uploads\/2023\/10\/servicio-de-manteniento-profesional.png\" alt=\"\" width=\"18\" height=\"18\" \/> Reembolsable 100% al contratar.<\/span><\/p>\n<p><strong><span style=\"color: #fff;\">Inversi\u00f3n inicial<\/span><\/strong><\/p>\n<h2><span style=\"color: #fff;\">$249MXN<\/span><\/h2>\n<p><a href=\"https:\/\/armaydesarma.com\/mx-es\/sanmigueldeallende\/servicio\/gestoria-en-san-miguel-de-allende\/\"><img decoding=\"async\" src=\"https:\/\/www.armaydesarma.com\/img\/solicitar_servicios.png\" alt=\"\" \/><\/a>[\/vc_column_text][\/vc_column_inner][\/vc_row_inner][\/vc_column][\/vc_row]<\/p>\n<\/div>","protected":false},"excerpt":{"rendered":"<p>[vc_row conditional_render=\u00bb%5B%7B%22value_role%22%3A%22administrator%22%7D%5D\u00bb][vc_column][vc_single_image image=\u00bb5707&#8243; img_size=\u00bb1280&#215;200&#8243;][\/vc_column][\/vc_row][vc_row css=\u00bb.vc_custom_1693697121859{padding-top: 10px !important;padding-bottom: 70px !important;}\u00bb conditional_render=\u00bb%5B%7B%22value_role%22%3A%22administrator%22%7D%5D\u00bb][vc_column css_animation=\u00bbfadeInLeft\u00bb conditional_render=\u00bb%5B%7B%22value_role%22%3A%22administrator%22%7D%5D\u00bb][vc_row_inner][vc_column_inner width=\u00bb6\/12&#8243;][vc_column_text css_animation=\u00bbnone\u00bb] \u00a1Lib\u00e9rate de la Burocracia! Somos tu soluci\u00f3n en tr\u00e1mites. ARMA Y DESARMA\u00ae Tu mejor opci\u00f3n en San Miguel de Allende para Gestor\u00eda de Tr\u00e1mites. En ARMA Y DESARMA\u00ae, entendemos que el tiempo es un recurso valioso, y sabemos lo complicado que [&hellip;]<\/p>\n","protected":false},"author":1,"featured_media":0,"parent":4913,"menu_order":0,"comment_status":"closed","ping_status":"closed","template":"","meta":{"footnotes":""},"class_list":["post-5538","page","type-page","status-publish","hentry"],"yoast_head":"<!-- This site is optimized with the Yoast SEO plugin v23.6 - https:\/\/yoast.com\/wordpress\/plugins\/seo\/ -->\n<title>Gestoria en San miguel de allende - Arma y desarma San Miguel de Allende Guanajuato | Servicios Integrales<\/title>\n<meta name=\"robots\" content=\"index, follow, max-snippet:-1, max-image-preview:large, max-video-preview:-1\" \/>\n<link rel=\"canonical\" href=\"https:\/\/armaydesarma.com\/mx-es\/sanmigueldeallende\/servicios\/gestoria-en-san-miguel-de-allende\/\" \/>\n<meta property=\"og:locale\" content=\"es_ES\" \/>\n<meta property=\"og:type\" content=\"article\" \/>\n<meta property=\"og:title\" content=\"Gestoria en San miguel de allende - Arma y desarma San Miguel de Allende Guanajuato | Servicios Integrales\" \/>\n<meta property=\"og:description\" content=\"[vc_row conditional_render=\u00bb%5B%7B%22value_role%22%3A%22administrator%22%7D%5D\u00bb][vc_column][vc_single_image image=\u00bb5707&#8243; img_size=\u00bb1280&#215;200&#8243;][\/vc_column][\/vc_row][vc_row css=\u00bb.vc_custom_1693697121859{padding-top: 10px !important;padding-bottom: 70px !important;}\u00bb conditional_render=\u00bb%5B%7B%22value_role%22%3A%22administrator%22%7D%5D\u00bb][vc_column css_animation=\u00bbfadeInLeft\u00bb conditional_render=\u00bb%5B%7B%22value_role%22%3A%22administrator%22%7D%5D\u00bb][vc_row_inner][vc_column_inner width=\u00bb6\/12&#8243;][vc_column_text css_animation=\u00bbnone\u00bb] \u00a1Lib\u00e9rate de la Burocracia! Somos tu soluci\u00f3n en tr\u00e1mites. ARMA Y DESARMA\u00ae Tu mejor opci\u00f3n en San Miguel de Allende para Gestor\u00eda de Tr\u00e1mites. En ARMA Y DESARMA\u00ae, entendemos que el tiempo es un recurso valioso, y sabemos lo complicado que [&hellip;]\" \/>\n<meta property=\"og:url\" content=\"https:\/\/armaydesarma.com\/mx-es\/sanmigueldeallende\/servicios\/gestoria-en-san-miguel-de-allende\/\" \/>\n<meta property=\"og:site_name\" content=\"Arma y desarma San Miguel de Allende Guanajuato | Servicios Integrales\" \/>\n<meta property=\"article:modified_time\" content=\"2024-05-18T05:36:05+00:00\" \/>\n<meta property=\"og:image\" content=\"https:\/\/armaydesarma.com\/mx-es\/sanmigueldeallende\/wp-content\/uploads\/2024\/03\/mantenimiento-garantizados-Sanmigueldeallende.png\" \/>\n<meta name=\"twitter:card\" content=\"summary_large_image\" \/>\n<meta name=\"twitter:label1\" content=\"Tiempo de lectura\" \/>\n\t<meta name=\"twitter:data1\" content=\"4 minutos\" \/>\n<script type=\"application\/ld+json\" class=\"yoast-schema-graph\">{\"@context\":\"https:\/\/schema.org\",\"@graph\":[{\"@type\":\"WebPage\",\"@id\":\"https:\/\/armaydesarma.com\/mx-es\/sanmigueldeallende\/servicios\/gestoria-en-san-miguel-de-allende\/\",\"url\":\"https:\/\/armaydesarma.com\/mx-es\/sanmigueldeallende\/servicios\/gestoria-en-san-miguel-de-allende\/\",\"name\":\"Gestoria en San miguel de allende - Arma y desarma San Miguel de Allende Guanajuato | Servicios Integrales\",\"isPartOf\":{\"@id\":\"https:\/\/armaydesarma.com\/mx-es\/sanmigueldeallende\/#website\"},\"primaryImageOfPage\":{\"@id\":\"https:\/\/armaydesarma.com\/mx-es\/sanmigueldeallende\/servicios\/gestoria-en-san-miguel-de-allende\/#primaryimage\"},\"image\":{\"@id\":\"https:\/\/armaydesarma.com\/mx-es\/sanmigueldeallende\/servicios\/gestoria-en-san-miguel-de-allende\/#primaryimage\"},\"thumbnailUrl\":\"https:\/\/armaydesarma.com\/mx-es\/sanmigueldeallende\/wp-content\/uploads\/2024\/03\/mantenimiento-garantizados-Sanmigueldeallende.png\",\"datePublished\":\"2023-10-28T20:45:39+00:00\",\"dateModified\":\"2024-05-18T05:36:05+00:00\",\"breadcrumb\":{\"@id\":\"https:\/\/armaydesarma.com\/mx-es\/sanmigueldeallende\/servicios\/gestoria-en-san-miguel-de-allende\/#breadcrumb\"},\"inLanguage\":\"es\",\"potentialAction\":[{\"@type\":\"ReadAction\",\"target\":[\"https:\/\/armaydesarma.com\/mx-es\/sanmigueldeallende\/servicios\/gestoria-en-san-miguel-de-allende\/\"]}]},{\"@type\":\"ImageObject\",\"inLanguage\":\"es\",\"@id\":\"https:\/\/armaydesarma.com\/mx-es\/sanmigueldeallende\/servicios\/gestoria-en-san-miguel-de-allende\/#primaryimage\",\"url\":\"https:\/\/armaydesarma.com\/mx-es\/sanmigueldeallende\/wp-content\/uploads\/2024\/03\/mantenimiento-garantizados-Sanmigueldeallende.png\",\"contentUrl\":\"https:\/\/armaydesarma.com\/mx-es\/sanmigueldeallende\/wp-content\/uploads\/2024\/03\/mantenimiento-garantizados-Sanmigueldeallende.png\",\"width\":66,\"height\":66},{\"@type\":\"BreadcrumbList\",\"@id\":\"https:\/\/armaydesarma.com\/mx-es\/sanmigueldeallende\/servicios\/gestoria-en-san-miguel-de-allende\/#breadcrumb\",\"itemListElement\":[{\"@type\":\"ListItem\",\"position\":1,\"name\":\"servicios en san miguel de allende\",\"item\":\"https:\/\/armaydesarma.com\/mx-es\/sanmigueldeallende\/servicios\/\"},{\"@type\":\"ListItem\",\"position\":2,\"name\":\"Gestoria en San miguel de allende\"}]},{\"@type\":\"WebSite\",\"@id\":\"https:\/\/armaydesarma.com\/mx-es\/sanmigueldeallende\/#website\",\"url\":\"https:\/\/armaydesarma.com\/mx-es\/sanmigueldeallende\/\",\"name\":\"Arma y desarma San Miguel de Allende Guanajuato | Servicios Integrales\",\"description\":\"\",\"potentialAction\":[{\"@type\":\"SearchAction\",\"target\":{\"@type\":\"EntryPoint\",\"urlTemplate\":\"https:\/\/armaydesarma.com\/mx-es\/sanmigueldeallende\/?s={search_term_string}\"},\"query-input\":{\"@type\":\"PropertyValueSpecification\",\"valueRequired\":true,\"valueName\":\"search_term_string\"}}],\"inLanguage\":\"es\"}]}<\/script>\n<!-- \/ Yoast SEO plugin. -->","yoast_head_json":{"title":"Gestoria en San miguel de allende - Arma y desarma San Miguel de Allende Guanajuato | Servicios Integrales","robots":{"index":"index","follow":"follow","max-snippet":"max-snippet:-1","max-image-preview":"max-image-preview:large","max-video-preview":"max-video-preview:-1"},"canonical":"https:\/\/armaydesarma.com\/mx-es\/sanmigueldeallende\/servicios\/gestoria-en-san-miguel-de-allende\/","og_locale":"es_ES","og_type":"article","og_title":"Gestoria en San miguel de allende - Arma y desarma San Miguel de Allende Guanajuato | Servicios Integrales","og_description":"[vc_row conditional_render=\u00bb%5B%7B%22value_role%22%3A%22administrator%22%7D%5D\u00bb][vc_column][vc_single_image image=\u00bb5707&#8243; img_size=\u00bb1280&#215;200&#8243;][\/vc_column][\/vc_row][vc_row css=\u00bb.vc_custom_1693697121859{padding-top: 10px !important;padding-bottom: 70px !important;}\u00bb conditional_render=\u00bb%5B%7B%22value_role%22%3A%22administrator%22%7D%5D\u00bb][vc_column css_animation=\u00bbfadeInLeft\u00bb conditional_render=\u00bb%5B%7B%22value_role%22%3A%22administrator%22%7D%5D\u00bb][vc_row_inner][vc_column_inner width=\u00bb6\/12&#8243;][vc_column_text css_animation=\u00bbnone\u00bb] \u00a1Lib\u00e9rate de la Burocracia! Somos tu soluci\u00f3n en tr\u00e1mites. ARMA Y DESARMA\u00ae Tu mejor opci\u00f3n en San Miguel de Allende para Gestor\u00eda de Tr\u00e1mites. En ARMA Y DESARMA\u00ae, entendemos que el tiempo es un recurso valioso, y sabemos lo complicado que [&hellip;]","og_url":"https:\/\/armaydesarma.com\/mx-es\/sanmigueldeallende\/servicios\/gestoria-en-san-miguel-de-allende\/","og_site_name":"Arma y desarma San Miguel de Allende Guanajuato | Servicios Integrales","article_modified_time":"2024-05-18T05:36:05+00:00","og_image":[{"url":"https:\/\/armaydesarma.com\/mx-es\/sanmigueldeallende\/wp-content\/uploads\/2024\/03\/mantenimiento-garantizados-Sanmigueldeallende.png"}],"twitter_card":"summary_large_image","twitter_misc":{"Tiempo de lectura":"4 minutos"},"schema":{"@context":"https:\/\/schema.org","@graph":[{"@type":"WebPage","@id":"https:\/\/armaydesarma.com\/mx-es\/sanmigueldeallende\/servicios\/gestoria-en-san-miguel-de-allende\/","url":"https:\/\/armaydesarma.com\/mx-es\/sanmigueldeallende\/servicios\/gestoria-en-san-miguel-de-allende\/","name":"Gestoria en San miguel de allende - Arma y desarma San Miguel de Allende Guanajuato | Servicios Integrales","isPartOf":{"@id":"https:\/\/armaydesarma.com\/mx-es\/sanmigueldeallende\/#website"},"primaryImageOfPage":{"@id":"https:\/\/armaydesarma.com\/mx-es\/sanmigueldeallende\/servicios\/gestoria-en-san-miguel-de-allende\/#primaryimage"},"image":{"@id":"https:\/\/armaydesarma.com\/mx-es\/sanmigueldeallende\/servicios\/gestoria-en-san-miguel-de-allende\/#primaryimage"},"thumbnailUrl":"https:\/\/armaydesarma.com\/mx-es\/sanmigueldeallende\/wp-content\/uploads\/2024\/03\/mantenimiento-garantizados-Sanmigueldeallende.png","datePublished":"2023-10-28T20:45:39+00:00","dateModified":"2024-05-18T05:36:05+00:00","breadcrumb":{"@id":"https:\/\/armaydesarma.com\/mx-es\/sanmigueldeallende\/servicios\/gestoria-en-san-miguel-de-allende\/#breadcrumb"},"inLanguage":"es","potentialAction":[{"@type":"ReadAction","target":["https:\/\/armaydesarma.com\/mx-es\/sanmigueldeallende\/servicios\/gestoria-en-san-miguel-de-allende\/"]}]},{"@type":"ImageObject","inLanguage":"es","@id":"https:\/\/armaydesarma.com\/mx-es\/sanmigueldeallende\/servicios\/gestoria-en-san-miguel-de-allende\/#primaryimage","url":"https:\/\/armaydesarma.com\/mx-es\/sanmigueldeallende\/wp-content\/uploads\/2024\/03\/mantenimiento-garantizados-Sanmigueldeallende.png","contentUrl":"https:\/\/armaydesarma.com\/mx-es\/sanmigueldeallende\/wp-content\/uploads\/2024\/03\/mantenimiento-garantizados-Sanmigueldeallende.png","width":66,"height":66},{"@type":"BreadcrumbList","@id":"https:\/\/armaydesarma.com\/mx-es\/sanmigueldeallende\/servicios\/gestoria-en-san-miguel-de-allende\/#breadcrumb","itemListElement":[{"@type":"ListItem","position":1,"name":"servicios en san miguel de allende","item":"https:\/\/armaydesarma.com\/mx-es\/sanmigueldeallende\/servicios\/"},{"@type":"ListItem","position":2,"name":"Gestoria en San miguel de allende"}]},{"@type":"WebSite","@id":"https:\/\/armaydesarma.com\/mx-es\/sanmigueldeallende\/#website","url":"https:\/\/armaydesarma.com\/mx-es\/sanmigueldeallende\/","name":"Arma y desarma San Miguel de Allende Guanajuato | Servicios Integrales","description":"","potentialAction":[{"@type":"SearchAction","target":{"@type":"EntryPoint","urlTemplate":"https:\/\/armaydesarma.com\/mx-es\/sanmigueldeallende\/?s={search_term_string}"},"query-input":{"@type":"PropertyValueSpecification","valueRequired":true,"valueName":"search_term_string"}}],"inLanguage":"es"}]}},"_links":{"self":[{"href":"https:\/\/armaydesarma.com\/mx-es\/sanmigueldeallende\/wp-json\/wp\/v2\/pages\/5538","targetHints":{"allow":["GET"]}}],"collection":[{"href":"https:\/\/armaydesarma.com\/mx-es\/sanmigueldeallende\/wp-json\/wp\/v2\/pages"}],"about":[{"href":"https:\/\/armaydesarma.com\/mx-es\/sanmigueldeallende\/wp-json\/wp\/v2\/types\/page"}],"author":[{"embeddable":true,"href":"https:\/\/armaydesarma.com\/mx-es\/sanmigueldeallende\/wp-json\/wp\/v2\/users\/1"}],"replies":[{"embeddable":true,"href":"https:\/\/armaydesarma.com\/mx-es\/sanmigueldeallende\/wp-json\/wp\/v2\/comments?post=5538"}],"version-history":[{"count":1,"href":"https:\/\/armaydesarma.com\/mx-es\/sanmigueldeallende\/wp-json\/wp\/v2\/pages\/5538\/revisions"}],"predecessor-version":[{"id":5744,"href":"https:\/\/armaydesarma.com\/mx-es\/sanmigueldeallende\/wp-json\/wp\/v2\/pages\/5538\/revisions\/5744"}],"up":[{"embeddable":true,"href":"https:\/\/armaydesarma.com\/mx-es\/sanmigueldeallende\/wp-json\/wp\/v2\/pages\/4913"}],"wp:attachment":[{"href":"https:\/\/armaydesarma.com\/mx-es\/sanmigueldeallende\/wp-json\/wp\/v2\/media?parent=5538"}],"curies":[{"name":"wp","href":"https:\/\/api.w.org\/{rel}","templated":true}]}}